{"id":7065,"date":"2021-06-22T13:15:33","date_gmt":"2021-06-22T11:15:33","guid":{"rendered":"https:\/\/www.citteriospa.com\/?page_id=7065"},"modified":"2025-05-09T15:25:49","modified_gmt":"2025-05-09T13:25:49","slug":"sustainability","status":"publish","type":"page","link":"https:\/\/www.citteriospa.com\/en\/sustainability\/","title":{"rendered":"Sustainability"},"content":{"rendered":"<div class=\"wpb-content-wrapper\"><p>[vc_row row_height_percent=&#8221;0&#8243; override_padding=&#8221;yes&#8221; h_padding=&#8221;2&#8243; top_padding=&#8221;0&#8243; bottom_padding=&#8221;4&#8243; overlay_alpha=&#8221;50&#8243; gutter_size=&#8221;3&#8243; column_width_percent=&#8221;100&#8243; shift_y=&#8221;0&#8243; z_index=&#8221;0&#8243; css=&#8221;.vc_custom_1689264442956{margin-top: 5% !important;}&#8221; uncode_shortcode_id=&#8221;422272&#8243; el_class=&#8221;intro_sustainability&#8221;][vc_column column_width_percent=&#8221;100&#8243; align_horizontal=&#8221;align_center&#8221; gutter_size=&#8221;3&#8243; overlay_alpha=&#8221;50&#8243; shift_x=&#8221;0&#8243; shift_y=&#8221;0&#8243; shift_y_down=&#8221;0&#8243; z_index=&#8221;0&#8243; medium_width=&#8221;0&#8243; mobile_width=&#8221;0&#8243; width=&#8221;1\/1&#8243;][vc_row_inner][vc_column_inner width=&#8221;1\/4&#8243;][\/vc_column_inner][vc_column_inner column_width_percent=&#8221;100&#8243; gutter_size=&#8221;2&#8243; overlay_alpha=&#8221;50&#8243; shift_x=&#8221;0&#8243; shift_y=&#8221;0&#8243; shift_y_down=&#8221;0&#8243; z_index=&#8221;0&#8243; medium_width=&#8221;0&#8243; mobile_width=&#8221;0&#8243; width=&#8221;3\/4&#8243; uncode_shortcode_id=&#8221;132034&#8243;][vc_custom_heading text_color=&#8221;color-139280&#8243; text_weight=&#8221;200&#8243; text_transform=&#8221;uppercase&#8221; text_height=&#8221;fontheight-132590&#8243; css_animation=&#8221;curtain&#8221; uncode_shortcode_id=&#8221;687303&#8243; text_color_type=&#8221;uncode-palette&#8221;]Sostenibilit\u00e0[\/vc_custom_heading][vc_empty_space empty_h=&#8221;3&#8243;][vc_custom_heading text_color=&#8221;color-jevc&#8221; heading_semantic=&#8221;h1&#8243; text_font=&#8221;font-918475&#8243; text_size=&#8221;h6&#8243; text_weight=&#8221;200&#8243; text_height=&#8221;fontheight-634926&#8243; css_animation=&#8221;curtain-words&#8221; uncode_shortcode_id=&#8221;195962&#8243; text_color_type=&#8221;uncode-palette&#8221;]Scegliere la sostenibilit\u00e0[\/vc_custom_heading][vc_column_text css_animation=&#8221;bottom-t-top&#8221; animation_delay=&#8221;100&#8243;]Il concetto di sostenibilit\u00e0, per un\u2019azienda che vuole affrontare il mercato con grande senso di responsabilit\u00e0, \u00e8 l\u2019espressione di quelle politiche aziendali che permettono a un\u2019impresa di perseguire una combinazione virtuosa delle tre dimensioni dello sviluppo sostenibile: ambientale, sociale ed economica.<br \/>\nCitterio Spa, che da anni opera con un sistema ambientale certificato, conduce il proprio business verso questa direzione.<br \/>\nAttuare un modello di reale sostenibilit\u00e0 significa, prima di tutto, gestire in modo efficiente e strategico le risorse a disposizione, che siano naturali, finanziarie, umane o relazionali.[\/vc_column_text][\/vc_column_inner][\/vc_row_inner][vc_empty_space empty_h=&#8221;3&#8243; medium_visibility=&#8221;yes&#8221; mobile_visibility=&#8221;yes&#8221;][vc_gallery el_id=&#8221;gallery-191163&#8243; medias=&#8221;6583,6585,6587&#8243; gutter_size=&#8221;3&#8243; screen_lg=&#8221;1000&#8243; screen_md=&#8221;600&#8243; screen_sm=&#8221;480&#8243; single_width=&#8221;6&#8243; single_style=&#8221;dark&#8221; single_overlay_color=&#8221;color-jevc&#8221; single_overlay_opacity=&#8221;35&#8243; single_h_align=&#8221;center&#8221; single_padding=&#8221;2&#8243; single_title_family=&#8221;font-128782&#8243; single_title_dimension=&#8221;h6&#8243; single_title_weight=&#8221;700&#8243; single_title_transform=&#8221;uppercase&#8221; single_border=&#8221;yes&#8221; single_css_animation=&#8221;bottom-t-top&#8221; single_animation_delay=&#8221;100&#8243; items=&#8221;eyI0ODQ1X2kiOnsiaW1hZ2VzX3NpemUiOiJ0d28tdGhyZWUiLCJzaW5nbGVfc3R5bGUiOiJkYXJrIiwic2luZ2xlX2xheW91dF9tZWRpYV9pdGVtcyI6Im1lZGlhfGxpZ2h0Ym94fG9yaWdpbmFsLGljb24sdGl0bGUifSwiNDg0M19pIjp7ImltYWdlc19zaXplIjoic2l4dGVlbi1uaW5lIiwic2luZ2xlX3N0eWxlIjoiZGFyayJ9LCI0ODQ3X2kiOnsiaW1hZ2VzX3NpemUiOiJmb3VyLWZpdmUiLCJzaW5nbGVfc3R5bGUiOiJkYXJrIn19&#8243; el_class=&#8221;collection-cat-grid&#8221;][\/vc_column][\/vc_row][vc_row row_height_percent=&#8221;0&#8243; override_padding=&#8221;yes&#8221; h_padding=&#8221;2&#8243; top_padding=&#8221;2&#8243; bottom_padding=&#8221;6&#8243; overlay_alpha=&#8221;50&#8243; gutter_size=&#8221;3&#8243; column_width_percent=&#8221;100&#8243; shift_y=&#8221;0&#8243; z_index=&#8221;0&#8243;][vc_column column_width_percent=&#8221;100&#8243; align_horizontal=&#8221;align_center&#8221; gutter_size=&#8221;3&#8243; overlay_alpha=&#8221;50&#8243; shift_x=&#8221;0&#8243; shift_y=&#8221;0&#8243; shift_y_down=&#8221;0&#8243; z_index=&#8221;0&#8243; medium_width=&#8221;0&#8243; mobile_width=&#8221;0&#8243; width=&#8221;1\/1&#8243;][vc_row_inner row_inner_height_percent=&#8221;0&#8243; overlay_alpha=&#8221;50&#8243; gutter_size=&#8221;3&#8243; shift_y=&#8221;0&#8243; z_index=&#8221;0&#8243; inverted_device_order=&#8221;yes&#8221; uncode_shortcode_id=&#8221;528054&#8243;][vc_column_inner column_width_percent=&#8221;100&#8243; gutter_size=&#8221;2&#8243; overlay_alpha=&#8221;50&#8243; shift_x=&#8221;0&#8243; shift_y=&#8221;0&#8243; shift_y_down=&#8221;0&#8243; z_index=&#8221;0&#8243; medium_width=&#8221;0&#8243; mobile_width=&#8221;0&#8243; width=&#8221;3\/4&#8243; uncode_shortcode_id=&#8221;109021&#8243;][vc_custom_heading text_color=&#8221;color-139280&#8243; text_weight=&#8221;200&#8243; text_transform=&#8221;uppercase&#8221; text_height=&#8221;fontheight-132590&#8243; css_animation=&#8221;curtain&#8221; uncode_shortcode_id=&#8221;180103&#8243; text_color_type=&#8221;uncode-palette&#8221;]Intuizione[\/vc_custom_heading][vc_empty_space empty_h=&#8221;3&#8243;][vc_custom_heading text_color=&#8221;color-jevc&#8221; heading_semantic=&#8221;h1&#8243; text_font=&#8221;font-918475&#8243; text_size=&#8221;h6&#8243; text_weight=&#8221;200&#8243; text_height=&#8221;fontheight-634926&#8243; css_animation=&#8221;curtain-words&#8221; uncode_shortcode_id=&#8221;202262&#8243; text_color_type=&#8221;uncode-palette&#8221;]Tre parole INTUIZIONE, SENSIBILIT\u00c0 e SENSO CRITICO[\/vc_custom_heading][vc_column_text css_animation=&#8221;bottom-t-top&#8221; animation_delay=&#8221;100&#8243; uncode_shortcode_id=&#8221;201578&#8243;]<span style=\"font-weight: 400;\">In queste tre parole vogliamo raccogliere la sfida pi\u00f9 alta, cio\u00e8 rendere gli ambienti di lavoro un luogo desiderabile \u201chome feeling\u201d. <\/span><span style=\"font-weight: 400;\">Proprio per questo, da tempo i prodotti CITTERIO, seguono i criteri dei maggiori protocolli internazionali di sostenibilit\u00e0.<\/span><\/p>\n<p><span style=\"font-weight: 400;\">Costruire con i Clienti e per i Clienti spazi di lavoro che siano luoghi di condivisione, di crescita, di scambio di idee, ma che allo stesso tempo racchiudano tutte le caratteristiche del nostro tempo: flessibilit\u00e0, dinamicit\u00e0, creativit\u00e0, produttivit\u00e0.<\/span>[\/vc_column_text][\/vc_column_inner][vc_column_inner width=&#8221;1\/4&#8243;][\/vc_column_inner][\/vc_row_inner][vc_row_inner row_inner_height_percent=&#8221;0&#8243; overlay_alpha=&#8221;50&#8243; gutter_size=&#8221;3&#8243; shift_y=&#8221;0&#8243; z_index=&#8221;0&#8243; css=&#8221;.vc_custom_1624443034937{margin-top: 3% !important;padding-top: 8% !important;}&#8221;][vc_column_inner width=&#8221;1\/3&#8243;][\/vc_column_inner][vc_column_inner column_width_percent=&#8221;100&#8243; gutter_size=&#8221;3&#8243; overlay_alpha=&#8221;50&#8243; shift_x=&#8221;0&#8243; shift_y=&#8221;0&#8243; shift_y_down=&#8221;0&#8243; z_index=&#8221;0&#8243; medium_width=&#8221;0&#8243; mobile_width=&#8221;0&#8243; width=&#8221;2\/3&#8243;][vc_column_text css_animation=&#8221;bottom-t-top&#8221; animation_delay=&#8221;100&#8243;]<span style=\"font-weight: 400;\">Idee, materiali, finiture, e tecnologie vengono combinati in ogni prodotto e ogni progetto per trovare il giusto equilibrio formale e funzionale. La ricerca continua si sviluppa con il costante lavoro a fianco dei pi\u00f9 prestigiosi studi di progettazione e designers, trovando nelle loro idee spunti per la ricerca di qualcosa di unico. <\/span>[\/vc_column_text][\/vc_column_inner][\/vc_row_inner][vc_row_inner row_inner_height_percent=&#8221;0&#8243; overlay_alpha=&#8221;50&#8243; gutter_size=&#8221;3&#8243; shift_y=&#8221;0&#8243; z_index=&#8221;0&#8243; css=&#8221;.vc_custom_1624365934288{margin-top: 8% !important;}&#8221;][vc_column_inner width=&#8221;1\/3&#8243;][\/vc_column_inner][vc_column_inner column_width_percent=&#8221;100&#8243; gutter_size=&#8221;2&#8243; overlay_alpha=&#8221;50&#8243; shift_x=&#8221;0&#8243; shift_y=&#8221;0&#8243; shift_y_down=&#8221;0&#8243; z_index=&#8221;0&#8243; medium_width=&#8221;0&#8243; mobile_width=&#8221;0&#8243; width=&#8221;2\/3&#8243; uncode_shortcode_id=&#8221;142123&#8243;][vc_single_image media=&#8221;6589&#8243; media_width_percent=&#8221;85&#8243; media_ratio=&#8221;sixteen-nine&#8221; css_animation=&#8221;right-t-left&#8221;][vc_empty_space empty_h=&#8221;2&#8243;][vc_custom_heading text_color=&#8221;color-139280&#8243; text_weight=&#8221;200&#8243; text_transform=&#8221;uppercase&#8221; text_height=&#8221;fontheight-132590&#8243; css_animation=&#8221;curtain&#8221; uncode_shortcode_id=&#8221;149899&#8243; text_color_type=&#8221;uncode-palette&#8221;]Sensibilit\u00e0[\/vc_custom_heading][vc_empty_space empty_h=&#8221;3&#8243;][vc_column_text css_animation=&#8221;bottom-t-top&#8221; animation_delay=&#8221;100&#8243;]<span style=\"font-weight: 400;\">Eco-design, disassemblabilit\u00e0, selezione di materiali naturali, analisi dei prodotti a ridotto impatto ambientale, sono gli obiettivi perseguiti insieme a fornitori, consulenti, laboratori e partners selezionati al fine di produrre beni realmente rispettosi dei principi dell\u2019economia circolare.<\/span>[\/vc_column_text][\/vc_column_inner][\/vc_row_inner][\/vc_column][\/vc_row]<\/p>\n<\/div>","protected":false},"excerpt":{"rendered":"<p>[vc_row row_height_percent=&#8221;0&#8243; override_padding=&#8221;yes&#8221; h_padding=&#8221;2&#8243; top_padding=&#8221;0&#8243; bottom_padding=&#8221;4&#8243; overlay_alpha=&#8221;50&#8243; gutter_size=&#8221;3&#8243; column_width_percent=&#8221;100&#8243; shift_y=&#8221;0&#8243; z_index=&#8221;0&#8243; css=&#8221;.vc_custom_1689264442956{margin-top: 5% !important;}&#8221; uncode_shortcode_id=&#8221;422272&#8243; el_class=&#8221;intro_sustainability&#8221;][vc_column column_width_percent=&#8221;100&#8243; align_horizontal=&#8221;align_center&#8221; gutter_size=&#8221;3&#8243; overlay_alpha=&#8221;50&#8243; [&hellip;]<\/p>\n","protected":false},"author":4,"featured_media":10807,"parent":0,"menu_order":0,"comment_status":"closed","ping_status":"closed","template":"","meta":{"_themeisle_gutenberg_block_has_review":false,"footnotes":""},"class_list":["post-7065","page","type-page","status-publish","has-post-thumbnail","hentry"],"acf":[],"yoast_head":"<!-- This site is optimized with the Yoast SEO plugin v26.4 - https:\/\/yoast.com\/wordpress\/plugins\/seo\/ -->\n<title>CITTERIO | Un Progetto di Sviluppo Sostenibile<\/title>\n<meta name=\"description\" content=\"Citterio garantisce, ogni giorno, un impegno verso pratiche responsabili nei confronti dell&#039;ambiente e della societ\u00e0.\" \/>\n<meta name=\"robots\" content=\"index, follow, max-snippet:-1, max-image-preview:large, max-video-preview:-1\" \/>\n<link rel=\"canonical\" href=\"https:\/\/www.citteriospa.com\/en\/sustainability\/\" \/>\n<meta property=\"og:locale\" content=\"en_US\" \/>\n<meta property=\"og:type\" content=\"article\" \/>\n<meta property=\"og:title\" content=\"CITTERIO | Un Progetto di Sviluppo Sostenibile\" \/>\n<meta property=\"og:description\" content=\"Citterio garantisce, ogni giorno, un impegno verso pratiche responsabili nei confronti dell&#039;ambiente e della societ\u00e0.\" \/>\n<meta property=\"og:url\" content=\"https:\/\/www.citteriospa.com\/en\/sustainability\/\" \/>\n<meta property=\"og:site_name\" content=\"Citterio SpA\" \/>\n<meta property=\"article:modified_time\" content=\"2025-05-09T13:25:49+00:00\" \/>\n<meta name=\"twitter:card\" content=\"summary_large_image\" \/>\n<meta name=\"twitter:title\" content=\"false\" \/>\n<meta name=\"twitter:image\" content=\"https:\/\/www.citteriospa.com\/wp-content\/uploads\/2024\/05\/unifor-sust-EMPTY-1920x1080-01a.jpg\" \/>\n<meta name=\"twitter:label1\" content=\"Est. reading time\" \/>\n\t<meta name=\"twitter:data1\" content=\"3 minutes\" \/>\n<script type=\"application\/ld+json\" class=\"yoast-schema-graph\">{\"@context\":\"https:\/\/schema.org\",\"@graph\":[{\"@type\":\"WebPage\",\"@id\":\"https:\/\/www.citteriospa.com\/en\/sustainability\/\",\"url\":\"https:\/\/www.citteriospa.com\/en\/sustainability\/\",\"name\":\"CITTERIO | Un Progetto di Sviluppo Sostenibile\",\"isPartOf\":{\"@id\":\"https:\/\/www.citteriospa.com\/#website\"},\"primaryImageOfPage\":{\"@id\":\"https:\/\/www.citteriospa.com\/en\/sustainability\/#primaryimage\"},\"image\":{\"@id\":\"https:\/\/www.citteriospa.com\/en\/sustainability\/#primaryimage\"},\"thumbnailUrl\":\"https:\/\/www.citteriospa.com\/wp-content\/uploads\/2024\/05\/unifor-sust-EMPTY-1920x1080-01a.jpg\",\"datePublished\":\"2021-06-22T11:15:33+00:00\",\"dateModified\":\"2025-05-09T13:25:49+00:00\",\"description\":\"Citterio garantisce, ogni giorno, un impegno verso pratiche responsabili nei confronti dell'ambiente e della societ\u00e0.\",\"breadcrumb\":{\"@id\":\"https:\/\/www.citteriospa.com\/en\/sustainability\/#breadcrumb\"},\"inLanguage\":\"en-US\",\"potentialAction\":[{\"@type\":\"ReadAction\",\"target\":[\"https:\/\/www.citteriospa.com\/en\/sustainability\/\"]}]},{\"@type\":\"ImageObject\",\"inLanguage\":\"en-US\",\"@id\":\"https:\/\/www.citteriospa.com\/en\/sustainability\/#primaryimage\",\"url\":\"https:\/\/www.citteriospa.com\/wp-content\/uploads\/2024\/05\/unifor-sust-EMPTY-1920x1080-01a.jpg\",\"contentUrl\":\"https:\/\/www.citteriospa.com\/wp-content\/uploads\/2024\/05\/unifor-sust-EMPTY-1920x1080-01a.jpg\",\"width\":1920,\"height\":1080},{\"@type\":\"BreadcrumbList\",\"@id\":\"https:\/\/www.citteriospa.com\/en\/sustainability\/#breadcrumb\",\"itemListElement\":[{\"@type\":\"ListItem\",\"position\":1,\"name\":\"Home\",\"item\":\"https:\/\/www.citteriospa.com\/en\/\"},{\"@type\":\"ListItem\",\"position\":2,\"name\":\"Sustainability\"}]},{\"@type\":\"WebSite\",\"@id\":\"https:\/\/www.citteriospa.com\/#website\",\"url\":\"https:\/\/www.citteriospa.com\/\",\"name\":\"Citterio SpA\",\"description\":\"\",\"potentialAction\":[{\"@type\":\"SearchAction\",\"target\":{\"@type\":\"EntryPoint\",\"urlTemplate\":\"https:\/\/www.citteriospa.com\/?s={search_term_string}\"},\"query-input\":{\"@type\":\"PropertyValueSpecification\",\"valueRequired\":true,\"valueName\":\"search_term_string\"}}],\"inLanguage\":\"en-US\"}]}<\/script>\n<!-- \/ Yoast SEO plugin. -->","yoast_head_json":{"title":"CITTERIO | Un Progetto di Sviluppo Sostenibile","description":"Citterio garantisce, ogni giorno, un impegno verso pratiche responsabili nei confronti dell'ambiente e della societ\u00e0.","robots":{"index":"index","follow":"follow","max-snippet":"max-snippet:-1","max-image-preview":"max-image-preview:large","max-video-preview":"max-video-preview:-1"},"canonical":"https:\/\/www.citteriospa.com\/en\/sustainability\/","og_locale":"en_US","og_type":"article","og_title":"CITTERIO | Un Progetto di Sviluppo Sostenibile","og_description":"Citterio garantisce, ogni giorno, un impegno verso pratiche responsabili nei confronti dell'ambiente e della societ\u00e0.","og_url":"https:\/\/www.citteriospa.com\/en\/sustainability\/","og_site_name":"Citterio SpA","article_modified_time":"2025-05-09T13:25:49+00:00","twitter_card":"summary_large_image","twitter_title":"false","twitter_image":"https:\/\/www.citteriospa.com\/wp-content\/uploads\/2024\/05\/unifor-sust-EMPTY-1920x1080-01a.jpg","twitter_misc":{"Est. reading time":"3 minutes"},"schema":{"@context":"https:\/\/schema.org","@graph":[{"@type":"WebPage","@id":"https:\/\/www.citteriospa.com\/en\/sustainability\/","url":"https:\/\/www.citteriospa.com\/en\/sustainability\/","name":"CITTERIO | Un Progetto di Sviluppo Sostenibile","isPartOf":{"@id":"https:\/\/www.citteriospa.com\/#website"},"primaryImageOfPage":{"@id":"https:\/\/www.citteriospa.com\/en\/sustainability\/#primaryimage"},"image":{"@id":"https:\/\/www.citteriospa.com\/en\/sustainability\/#primaryimage"},"thumbnailUrl":"https:\/\/www.citteriospa.com\/wp-content\/uploads\/2024\/05\/unifor-sust-EMPTY-1920x1080-01a.jpg","datePublished":"2021-06-22T11:15:33+00:00","dateModified":"2025-05-09T13:25:49+00:00","description":"Citterio garantisce, ogni giorno, un impegno verso pratiche responsabili nei confronti dell'ambiente e della societ\u00e0.","breadcrumb":{"@id":"https:\/\/www.citteriospa.com\/en\/sustainability\/#breadcrumb"},"inLanguage":"en-US","potentialAction":[{"@type":"ReadAction","target":["https:\/\/www.citteriospa.com\/en\/sustainability\/"]}]},{"@type":"ImageObject","inLanguage":"en-US","@id":"https:\/\/www.citteriospa.com\/en\/sustainability\/#primaryimage","url":"https:\/\/www.citteriospa.com\/wp-content\/uploads\/2024\/05\/unifor-sust-EMPTY-1920x1080-01a.jpg","contentUrl":"https:\/\/www.citteriospa.com\/wp-content\/uploads\/2024\/05\/unifor-sust-EMPTY-1920x1080-01a.jpg","width":1920,"height":1080},{"@type":"BreadcrumbList","@id":"https:\/\/www.citteriospa.com\/en\/sustainability\/#breadcrumb","itemListElement":[{"@type":"ListItem","position":1,"name":"Home","item":"https:\/\/www.citteriospa.com\/en\/"},{"@type":"ListItem","position":2,"name":"Sustainability"}]},{"@type":"WebSite","@id":"https:\/\/www.citteriospa.com\/#website","url":"https:\/\/www.citteriospa.com\/","name":"Citterio SpA","description":"","potentialAction":[{"@type":"SearchAction","target":{"@type":"EntryPoint","urlTemplate":"https:\/\/www.citteriospa.com\/?s={search_term_string}"},"query-input":{"@type":"PropertyValueSpecification","valueRequired":true,"valueName":"search_term_string"}}],"inLanguage":"en-US"}]}},"_links":{"self":[{"href":"https:\/\/www.citteriospa.com\/en\/wp-json\/wp\/v2\/pages\/7065","targetHints":{"allow":["GET"]}}],"collection":[{"href":"https:\/\/www.citteriospa.com\/en\/wp-json\/wp\/v2\/pages"}],"about":[{"href":"https:\/\/www.citteriospa.com\/en\/wp-json\/wp\/v2\/types\/page"}],"author":[{"embeddable":true,"href":"https:\/\/www.citteriospa.com\/en\/wp-json\/wp\/v2\/users\/4"}],"replies":[{"embeddable":true,"href":"https:\/\/www.citteriospa.com\/en\/wp-json\/wp\/v2\/comments?post=7065"}],"version-history":[{"count":56,"href":"https:\/\/www.citteriospa.com\/en\/wp-json\/wp\/v2\/pages\/7065\/revisions"}],"predecessor-version":[{"id":11567,"href":"https:\/\/www.citteriospa.com\/en\/wp-json\/wp\/v2\/pages\/7065\/revisions\/11567"}],"wp:featuredmedia":[{"embeddable":true,"href":"https:\/\/www.citteriospa.com\/en\/wp-json\/wp\/v2\/media\/10807"}],"wp:attachment":[{"href":"https:\/\/www.citteriospa.com\/en\/wp-json\/wp\/v2\/media?parent=7065"}],"curies":[{"name":"wp","href":"https:\/\/api.w.org\/{rel}","templated":true}]}}