{"id":1125,"date":"2015-12-02T09:24:46","date_gmt":"2015-12-02T08:24:46","guid":{"rendered":"http:\/\/citteriospa.com\/en\/company-profile\/"},"modified":"2024-01-17T15:50:08","modified_gmt":"2024-01-17T14:50:08","slug":"company","status":"publish","type":"page","link":"https:\/\/www.citteriospa.com\/en\/company\/","title":{"rendered":"Company"},"content":{"rendered":"<div class=\"wpb-content-wrapper\"><p>[vc_row row_height_percent=&#8221;0&#8243; override_padding=&#8221;yes&#8221; h_padding=&#8221;2&#8243; top_padding=&#8221;2&#8243; bottom_padding=&#8221;0&#8243; overlay_alpha=&#8221;50&#8243; gutter_size=&#8221;3&#8243; column_width_percent=&#8221;100&#8243; shift_y=&#8221;0&#8243; z_index=&#8221;0&#8243; uncode_shortcode_id=&#8221;132458&#8243;][vc_column column_width_percent=&#8221;100&#8243; gutter_size=&#8221;3&#8243; overlay_alpha=&#8221;50&#8243; shift_x=&#8221;0&#8243; shift_y=&#8221;0&#8243; shift_y_down=&#8221;0&#8243; z_index=&#8221;0&#8243; medium_width=&#8221;0&#8243; mobile_width=&#8221;0&#8243; width=&#8221;1\/1&#8243;][vc_custom_heading text_color=&#8221;color-139280&#8243; text_weight=&#8221;200&#8243; text_transform=&#8221;uppercase&#8221; text_height=&#8221;fontheight-132590&#8243; css_animation=&#8221;curtain&#8221; uncode_shortcode_id=&#8221;204628&#8243; text_color_type=&#8221;uncode-palette&#8221;]History[\/vc_custom_heading][\/vc_column][\/vc_row][vc_row row_height_percent=&#8221;0&#8243; override_padding=&#8221;yes&#8221; h_padding=&#8221;2&#8243; top_padding=&#8221;0&#8243; bottom_padding=&#8221;0&#8243; overlay_alpha=&#8221;50&#8243; gutter_size=&#8221;3&#8243; column_width_percent=&#8221;100&#8243; shift_y=&#8221;0&#8243; z_index=&#8221;0&#8243; css=&#8221;.vc_custom_1689073130980{margin-top: 5% !important;}&#8221; uncode_shortcode_id=&#8221;180824&#8243;][vc_column column_width_percent=&#8221;100&#8243; align_horizontal=&#8221;align_center&#8221; gutter_size=&#8221;3&#8243; overlay_alpha=&#8221;50&#8243; shift_x=&#8221;0&#8243; shift_y=&#8221;0&#8243; shift_y_down=&#8221;0&#8243; z_index=&#8221;0&#8243; medium_width=&#8221;0&#8243; mobile_width=&#8221;0&#8243; width=&#8221;1\/1&#8243;][vc_row_inner][vc_column_inner column_width_percent=&#8221;100&#8243; gutter_size=&#8221;2&#8243; overlay_alpha=&#8221;50&#8243; shift_x=&#8221;0&#8243; shift_y=&#8221;0&#8243; shift_y_down=&#8221;0&#8243; z_index=&#8221;0&#8243; medium_width=&#8221;0&#8243; mobile_width=&#8221;0&#8243; width=&#8221;2\/3&#8243; uncode_shortcode_id=&#8221;147322&#8243;][vc_custom_heading text_color=&#8221;color-jevc&#8221; heading_semantic=&#8221;h1&#8243; text_font=&#8221;font-918475&#8243; text_size=&#8221;h6&#8243; text_weight=&#8221;200&#8243; text_height=&#8221;fontheight-634926&#8243; css_animation=&#8221;curtain-words&#8221; uncode_shortcode_id=&#8221;758186&#8243; text_color_type=&#8221;uncode-palette&#8221;]CITTERIO, RESEARCH DEVELOPMENT &amp; COMFORT[\/vc_custom_heading][vc_column_text css_animation=&#8221;bottom-t-top&#8221; animation_delay=&#8221;100&#8243; uncode_shortcode_id=&#8221;610732&#8243;]Citterio SpA, nata nel 1958 nella provincia di Lecco, \u00e8 un riferimento nel mercato italiano ed estero per la produzione di arredi per ufficio. \u00c8 parte del Gruppo Molteni, uno dei maggiori gruppi industriali italiani del settore del mobile, insieme a Molteni &amp; C, Dada e Unifor.<\/p>\n<p>Citterio offre al mercato italiano ed estero una vasta gamma di soluzioni per l\u2019arredo ufficio: pareti in legno, pareti in vetro, contenitori per archiviazione, sistemi di arredo operativi e direzionali, pareti compattabili. Nello stabilimento di Sirone trovano sede gli uffici direzionali, tecnici, commerciali, la showroom, le unit\u00e0 produttive di trasformazione di legno e alluminio e gli impianti di verniciatura. Ricerca, innovazione e flessibilit\u00e0 produttiva hanno caratterizzato da sempre l\u2019approccio aziendale tanto da portare alla presentazione, nel 2010, del primo box acustico per riunioni C_SS, aprendo la strada a numerose collezioni di prodotti destinati a garantire benessere e ottimali prestazioni acustiche negli ambienti di lavoro.[\/vc_column_text][\/vc_column_inner][vc_column_inner width=&#8221;1\/3&#8243;][\/vc_column_inner][\/vc_row_inner][vc_empty_space empty_h=&#8221;3&#8243; medium_visibility=&#8221;yes&#8221; mobile_visibility=&#8221;yes&#8221;][vc_gallery el_id=&#8221;gallery-191163&#8243; medias=&#8221;6749,6751,6753&#8243; gutter_size=&#8221;3&#8243; screen_lg=&#8221;1000&#8243; screen_md=&#8221;600&#8243; screen_sm=&#8221;480&#8243; single_width=&#8221;6&#8243; single_style=&#8221;dark&#8221; single_overlay_color=&#8221;color-jevc&#8221; single_overlay_opacity=&#8221;35&#8243; single_h_align=&#8221;center&#8221; single_padding=&#8221;2&#8243; single_title_family=&#8221;font-128782&#8243; single_title_dimension=&#8221;h6&#8243; single_title_weight=&#8221;700&#8243; single_title_transform=&#8221;uppercase&#8221; single_border=&#8221;yes&#8221; single_css_animation=&#8221;bottom-t-top&#8221; single_animation_delay=&#8221;100&#8243; items=&#8221;eyI0ODQ1X2kiOnsiaW1hZ2VzX3NpemUiOiJ0d28tdGhyZWUiLCJzaW5nbGVfc3R5bGUiOiJkYXJrIiwic2luZ2xlX2xheW91dF9tZWRpYV9pdGVtcyI6Im1lZGlhfGxpZ2h0Ym94fG9yaWdpbmFsLGljb24sdGl0bGUifSwiNDg0M19pIjp7ImltYWdlc19zaXplIjoic2l4dGVlbi1uaW5lIiwic2luZ2xlX3N0eWxlIjoiZGFyayJ9LCI0ODQ3X2kiOnsiaW1hZ2VzX3NpemUiOiJmb3VyLWZpdmUiLCJzaW5nbGVfc3R5bGUiOiJkYXJrIn19&#8243; el_class=&#8221;collection-cat-grid&#8221; uncode_shortcode_id=&#8221;400576&#8243;][\/vc_column][\/vc_row][vc_row][vc_column column_width_percent=&#8221;100&#8243; gutter_size=&#8221;3&#8243; overlay_alpha=&#8221;50&#8243; shift_x=&#8221;0&#8243; shift_y=&#8221;0&#8243; shift_y_down=&#8221;0&#8243; z_index=&#8221;0&#8243; medium_width=&#8221;0&#8243; mobile_width=&#8221;0&#8243; width=&#8221;1\/3&#8243;][\/vc_column][vc_column width=&#8221;2\/3&#8243;][vc_custom_heading text_color=&#8221;color-139280&#8243; text_weight=&#8221;200&#8243; text_transform=&#8221;uppercase&#8221; text_height=&#8221;fontheight-132590&#8243; css_animation=&#8221;curtain&#8221; uncode_shortcode_id=&#8221;121489&#8243; text_color_type=&#8221;uncode-palette&#8221;]Mission[\/vc_custom_heading][vc_empty_space empty_h=&#8221;3&#8243; medium_visibility=&#8221;yes&#8221; mobile_visibility=&#8221;yes&#8221; el_class=&#8221;spacer-mobile-hide&#8221;][\/vc_column][\/vc_row][vc_row row_height_percent=&#8221;0&#8243; override_padding=&#8221;yes&#8221; h_padding=&#8221;2&#8243; top_padding=&#8221;0&#8243; bottom_padding=&#8221;0&#8243; overlay_alpha=&#8221;50&#8243; gutter_size=&#8221;3&#8243; column_width_percent=&#8221;100&#8243; shift_y=&#8221;0&#8243; z_index=&#8221;0&#8243; uncode_shortcode_id=&#8221;123003&#8243;][vc_column column_width_percent=&#8221;100&#8243; align_horizontal=&#8221;align_center&#8221; gutter_size=&#8221;3&#8243; overlay_alpha=&#8221;50&#8243; shift_x=&#8221;0&#8243; shift_y=&#8221;0&#8243; shift_y_down=&#8221;0&#8243; z_index=&#8221;0&#8243; medium_width=&#8221;0&#8243; mobile_width=&#8221;0&#8243; width=&#8221;1\/1&#8243;][vc_row_inner row_inner_height_percent=&#8221;0&#8243; overlay_alpha=&#8221;50&#8243; gutter_size=&#8221;3&#8243; shift_y=&#8221;0&#8243; z_index=&#8221;0&#8243; inverted_device_order=&#8221;yes&#8221; uncode_shortcode_id=&#8221;747051&#8243;][vc_column_inner column_width_percent=&#8221;100&#8243; gutter_size=&#8221;3&#8243; overlay_alpha=&#8221;50&#8243; shift_x=&#8221;0&#8243; shift_y=&#8221;0&#8243; shift_y_down=&#8221;0&#8243; z_index=&#8221;0&#8243; medium_width=&#8221;0&#8243; mobile_width=&#8221;0&#8243; width=&#8221;1\/3&#8243; uncode_shortcode_id=&#8221;205321&#8243;][\/vc_column_inner][vc_column_inner column_width_percent=&#8221;100&#8243; gutter_size=&#8221;2&#8243; overlay_alpha=&#8221;50&#8243; shift_x=&#8221;0&#8243; shift_y=&#8221;0&#8243; shift_y_down=&#8221;0&#8243; z_index=&#8221;0&#8243; medium_width=&#8221;0&#8243; mobile_width=&#8221;0&#8243; width=&#8221;2\/3&#8243; uncode_shortcode_id=&#8221;201501&#8243;][vc_custom_heading text_color=&#8221;color-jevc&#8221; heading_semantic=&#8221;h1&#8243; text_font=&#8221;font-918475&#8243; text_size=&#8221;h6&#8243; text_weight=&#8221;200&#8243; text_height=&#8221;fontheight-634926&#8243; css_animation=&#8221;curtain-words&#8221; uncode_shortcode_id=&#8221;127865&#8243; text_color_type=&#8221;uncode-palette&#8221;]CITTERIO, PEOPLE MATERIALS &amp; TECHNOLOGIES[\/vc_custom_heading][vc_column_text css_animation=&#8221;bottom-t-top&#8221; animation_delay=&#8221;100&#8243; uncode_shortcode_id=&#8221;126466&#8243;]<strong>Citterio <\/strong>ha l\u2019obiettivo di soddisfare le nuove esigenze di un mercato in costante mutamento. La produzione di <strong>mobili da ufficio<\/strong> legati al concetto di <strong>comfort acustico <\/strong>\u00e8 perfettamente in linea con le nuove modalit\u00e0 di lavoro smart e flessibile. I valori di benessere, funzionalit\u00e0 e qualit\u00e0 ispirano ogni collezione di <strong>arredi per ufficio, <\/strong>progettando sempre soluzioni che migliorano le prestazioni e il comfort sul proprio posto di lavoro. L\u2019azienda, dal 2016, ha iniziato ad approcciarsi al comfort acustico, presentando il suo primo prodotto <a href=\"https:\/\/www.citteriospa.com\/en\/collections\/c-ss\/\">CSS<\/a> a cui ha seguito l\u2019intera collezione <strong>\u201cSound Systems\u201d<\/strong>. Nel 2020 invece ha presentato il rivoluzionario sistema di arredi per smart office \u201c<a href=\"https:\/\/www.citteriospa.com\/en\/collections\/bridge\/\">Bridge<\/a>\u201d[\/vc_column_text][\/vc_column_inner][\/vc_row_inner][vc_row_inner row_inner_height_percent=&#8221;0&#8243; overlay_alpha=&#8221;50&#8243; gutter_size=&#8221;3&#8243; shift_y=&#8221;0&#8243; z_index=&#8221;0&#8243; desktop_visibility=&#8221;yes&#8221; medium_visibility=&#8221;yes&#8221; mobile_visibility=&#8221;yes&#8221; uncode_shortcode_id=&#8221;120539&#8243; el_class=&#8221;azienda_video&#8221;][vc_column_inner column_width_percent=&#8221;100&#8243; gutter_size=&#8221;3&#8243; override_padding=&#8221;yes&#8221; column_padding=&#8221;3&#8243; overlay_alpha=&#8221;50&#8243; shift_x=&#8221;0&#8243; shift_y=&#8221;0&#8243; shift_y_down=&#8221;0&#8243; z_index=&#8221;0&#8243; medium_width=&#8221;0&#8243; mobile_width=&#8221;0&#8243; width=&#8221;1\/1&#8243; uncode_shortcode_id=&#8221;319067&#8243;][vc_single_image media=&#8221;6905&#8243; media_width_percent=&#8221;100&#8243; uncode_shortcode_id=&#8221;179910&#8243;][\/vc_column_inner][\/vc_row_inner][vc_row_inner row_inner_height_percent=&#8221;0&#8243; overlay_alpha=&#8221;50&#8243; gutter_size=&#8221;3&#8243; shift_y=&#8221;0&#8243; z_index=&#8221;0&#8243; css=&#8221;.vc_custom_1624365133315{margin-top: 8% !important;padding-top: 8% !important;}&#8221;][vc_column_inner width=&#8221;1\/4&#8243;][\/vc_column_inner][vc_column_inner column_width_percent=&#8221;100&#8243; gutter_size=&#8221;2&#8243; overlay_alpha=&#8221;50&#8243; shift_x=&#8221;0&#8243; shift_y=&#8221;0&#8243; shift_y_down=&#8221;0&#8243; z_index=&#8221;0&#8243; medium_width=&#8221;0&#8243; mobile_width=&#8221;0&#8243; width=&#8221;3\/4&#8243; uncode_shortcode_id=&#8221;737465&#8243;][vc_custom_heading text_color=&#8221;color-139280&#8243; text_weight=&#8221;200&#8243; text_transform=&#8221;uppercase&#8221; text_height=&#8221;fontheight-132590&#8243; css_animation=&#8221;curtain&#8221; uncode_shortcode_id=&#8221;782981&#8243; text_color_type=&#8221;uncode-palette&#8221;]Vision[\/vc_custom_heading][vc_empty_space empty_h=&#8221;4&#8243; medium_visibility=&#8221;yes&#8221; mobile_visibility=&#8221;yes&#8221;][vc_custom_heading text_color=&#8221;color-jevc&#8221; heading_semantic=&#8221;h1&#8243; text_font=&#8221;font-918475&#8243; text_size=&#8221;h6&#8243; text_weight=&#8221;200&#8243; text_height=&#8221;fontheight-634926&#8243; css_animation=&#8221;curtain-words&#8221; uncode_shortcode_id=&#8221;215868&#8243; text_color_type=&#8221;uncode-palette&#8221;]CITTERIO, INTUITION SENSIBILITY &amp; CRITICAL SENSE[\/vc_custom_heading][vc_column_text css_animation=&#8221;bottom-t-top&#8221; animation_delay=&#8221;100&#8243; uncode_shortcode_id=&#8221;149580&#8243;]Citterio aspira ad alimentare il mondo dell\u2019ufficio con soluzioni innovative e performanti e a perseguire logiche produttive sostenibili ispirate ai criteri dell\u2019economia circolare. Ogni nuovo prodotto, a partire dalla sua idea iniziale, \u00e8 sviluppato minimizzando l\u2019uso di materie prime vergini e massimizzando la riciclabilit\u00e0 di ogni componente a fine vita. Di questo approccio \u00e8 ulteriore espressione il grande impianto di cogenerazione, che utilizza scarti di legno di lavorazione e imballaggi, esprime la grande attenzione all\u2019ambiente e alla sostenibilit\u00e0 con cui l\u2019azienda opera a tutti i livelli.[\/vc_column_text][\/vc_column_inner][\/vc_row_inner][vc_row_inner row_inner_height_percent=&#8221;0&#8243; overlay_alpha=&#8221;50&#8243; gutter_size=&#8221;3&#8243; shift_y=&#8221;0&#8243; z_index=&#8221;0&#8243; inverted_device_order=&#8221;yes&#8221; css=&#8221;.vc_custom_1638283153994{margin-top: 8% !important;margin-bottom: 8% !important;}&#8221; uncode_shortcode_id=&#8221;200912&#8243;][vc_column_inner column_width_percent=&#8221;100&#8243; gutter_size=&#8221;2&#8243; overlay_alpha=&#8221;50&#8243; shift_x=&#8221;0&#8243; shift_y=&#8221;0&#8243; shift_y_down=&#8221;0&#8243; z_index=&#8221;0&#8243; medium_width=&#8221;0&#8243; mobile_width=&#8221;0&#8243; width=&#8221;3\/4&#8243; uncode_shortcode_id=&#8221;187844&#8243;][vc_single_image media=&#8221;4546&#8243; media_width_percent=&#8221;85&#8243; media_ratio=&#8221;sixteen-nine&#8221; alignment=&#8221;center&#8221; css_animation=&#8221;right-t-left&#8221; uncode_shortcode_id=&#8221;483103&#8243; el_class=&#8221;w-100-xs&#8221;][vc_custom_heading text_color=&#8221;color-139280&#8243; text_weight=&#8221;200&#8243; text_transform=&#8221;uppercase&#8221; text_height=&#8221;fontheight-132590&#8243; css_animation=&#8221;curtain&#8221; uncode_shortcode_id=&#8221;280328&#8243; text_color_type=&#8221;uncode-palette&#8221;]Research[\/vc_custom_heading][vc_empty_space empty_h=&#8221;4&#8243; el_class=&#8221;spacer-mobile-hide&#8221;][vc_custom_heading text_color=&#8221;color-jevc&#8221; heading_semantic=&#8221;h1&#8243; text_font=&#8221;font-918475&#8243; text_size=&#8221;h6&#8243; text_weight=&#8221;200&#8243; text_height=&#8221;fontheight-634926&#8243; css_animation=&#8221;curtain-words&#8221; uncode_shortcode_id=&#8221;201997&#8243; text_color_type=&#8221;uncode-palette&#8221;]CITTERIO, IDEA DEVELOPMENT &amp; INDUSTRIALIZATION[\/vc_custom_heading][vc_column_text css_animation=&#8221;bottom-t-top&#8221; animation_delay=&#8221;100&#8243;]Citterio anima da sempre la dialettica tra parete divisoria e mobili per ufficio. Unisce e fa evolvere insieme tradizione artigiana del legno e produzione industriale. Ogni progetto scaturisce dalle idee di designers italiani che traducono esigenze e funzioni in prodotti innovativi e performanti. Ogni prodotto nasce dalle mani esperte di maestranze specializzate che lavorano sapientemente legno, vetro e alluminio. Ogni collezione \u00e8 selezionata da progettisti di tutto il mondo per arredare spazi di lavoro ispirati a logiche di elevata funzionalit\u00e0, comfort, flessibilit\u00e0 tecnologica e qualit\u00e0 estetica.[\/vc_column_text][\/vc_column_inner][vc_column_inner width=&#8221;1\/4&#8243;][\/vc_column_inner][\/vc_row_inner][vc_row_inner row_inner_height_percent=&#8221;0&#8243; overlay_alpha=&#8221;50&#8243; gutter_size=&#8221;3&#8243; shift_y=&#8221;0&#8243; z_index=&#8221;0&#8243; desktop_visibility=&#8221;yes&#8221; medium_visibility=&#8221;yes&#8221; mobile_visibility=&#8221;yes&#8221; css=&#8221;.vc_custom_1637678651121{margin-top: 8% !important;}&#8221; uncode_shortcode_id=&#8221;875417&#8243;][vc_column_inner column_width_use_pixel=&#8221;yes&#8221; position_horizontal=&#8221;right&#8221; gutter_size=&#8221;3&#8243; overlay_alpha=&#8221;50&#8243; shift_x=&#8221;0&#8243; shift_y=&#8221;0&#8243; shift_y_down=&#8221;0&#8243; z_index=&#8221;0&#8243; medium_width=&#8221;0&#8243; mobile_width=&#8221;0&#8243; width=&#8221;1\/1&#8243; column_width_pixel=&#8221;300px&#8221;][vc_column_text css_animation=&#8221;left-t-right&#8221; el_class=&#8221;catalogue-download-cta&#8221;]<\/p>\n<h5>CATALOGO 2021<\/h5>\n<p><a href=\"#\">Download<\/a>[\/vc_column_text][\/vc_column_inner][\/vc_row_inner][\/vc_column][\/vc_row]<\/p>\n<\/div>","protected":false},"excerpt":{"rendered":"<p>[vc_row row_height_percent=&#8221;0&#8243; override_padding=&#8221;yes&#8221; h_padding=&#8221;2&#8243; top_padding=&#8221;2&#8243; bottom_padding=&#8221;0&#8243; overlay_alpha=&#8221;50&#8243; gutter_size=&#8221;3&#8243; column_width_percent=&#8221;100&#8243; shift_y=&#8221;0&#8243; z_index=&#8221;0&#8243; uncode_shortcode_id=&#8221;132458&#8243;][vc_column column_width_percent=&#8221;100&#8243; gutter_size=&#8221;3&#8243; overlay_alpha=&#8221;50&#8243; shift_x=&#8221;0&#8243; shift_y=&#8221;0&#8243; shift_y_down=&#8221;0&#8243; z_index=&#8221;0&#8243; medium_width=&#8221;0&#8243; [&hellip;]<\/p>\n","protected":false},"author":4,"featured_media":10609,"parent":0,"menu_order":0,"comment_status":"closed","ping_status":"closed","template":"","meta":{"_themeisle_gutenberg_block_has_review":false,"footnotes":""},"class_list":["post-1125","page","type-page","status-publish","has-post-thumbnail","hentry"],"acf":[],"yoast_head":"<!-- This site is optimized with the Yoast SEO plugin v26.4 - https:\/\/yoast.com\/wordpress\/plugins\/seo\/ -->\n<title>Citterio office furniture | Company<\/title>\n<meta name=\"description\" content=\"Citterio offers office furniture solutions responding to the ever-changing demands of an evolving international market.\" \/>\n<meta name=\"robots\" content=\"index, follow, max-snippet:-1, max-image-preview:large, max-video-preview:-1\" \/>\n<link rel=\"canonical\" href=\"https:\/\/www.citteriospa.com\/en\/company\/\" \/>\n<meta property=\"og:locale\" content=\"en_US\" \/>\n<meta property=\"og:type\" content=\"article\" \/>\n<meta property=\"og:title\" content=\"Citterio office furniture | Company\" \/>\n<meta property=\"og:description\" content=\"Citterio offers office furniture solutions responding to the ever-changing demands of an evolving international market.\" \/>\n<meta property=\"og:url\" content=\"https:\/\/www.citteriospa.com\/en\/company\/\" \/>\n<meta property=\"og:site_name\" content=\"Citterio SpA\" \/>\n<meta property=\"article:modified_time\" content=\"2024-01-17T14:50:08+00:00\" \/>\n<meta property=\"og:image\" content=\"https:\/\/www.citteriospa.com\/wp-content\/uploads\/2024\/01\/WEB_DTROST_CITTERIO_112023_HR_1643.jpg\" \/>\n\t<meta property=\"og:image:width\" content=\"1920\" \/>\n\t<meta property=\"og:image:height\" content=\"1280\" \/>\n\t<meta property=\"og:image:type\" content=\"image\/jpeg\" \/>\n<meta name=\"twitter:card\" content=\"summary_large_image\" \/>\n<meta name=\"twitter:label1\" content=\"Est. reading time\" \/>\n\t<meta name=\"twitter:data1\" content=\"5 minutes\" \/>\n<script type=\"application\/ld+json\" class=\"yoast-schema-graph\">{\"@context\":\"https:\/\/schema.org\",\"@graph\":[{\"@type\":\"WebPage\",\"@id\":\"https:\/\/www.citteriospa.com\/en\/company\/\",\"url\":\"https:\/\/www.citteriospa.com\/en\/company\/\",\"name\":\"Citterio office furniture | Company\",\"isPartOf\":{\"@id\":\"https:\/\/www.citteriospa.com\/#website\"},\"primaryImageOfPage\":{\"@id\":\"https:\/\/www.citteriospa.com\/en\/company\/#primaryimage\"},\"image\":{\"@id\":\"https:\/\/www.citteriospa.com\/en\/company\/#primaryimage\"},\"thumbnailUrl\":\"https:\/\/www.citteriospa.com\/wp-content\/uploads\/2024\/01\/WEB_DTROST_CITTERIO_112023_HR_1643.jpg\",\"datePublished\":\"2015-12-02T08:24:46+00:00\",\"dateModified\":\"2024-01-17T14:50:08+00:00\",\"description\":\"Citterio offers office furniture solutions responding to the ever-changing demands of an evolving international market.\",\"breadcrumb\":{\"@id\":\"https:\/\/www.citteriospa.com\/en\/company\/#breadcrumb\"},\"inLanguage\":\"en-US\",\"potentialAction\":[{\"@type\":\"ReadAction\",\"target\":[\"https:\/\/www.citteriospa.com\/en\/company\/\"]}]},{\"@type\":\"ImageObject\",\"inLanguage\":\"en-US\",\"@id\":\"https:\/\/www.citteriospa.com\/en\/company\/#primaryimage\",\"url\":\"https:\/\/www.citteriospa.com\/wp-content\/uploads\/2024\/01\/WEB_DTROST_CITTERIO_112023_HR_1643.jpg\",\"contentUrl\":\"https:\/\/www.citteriospa.com\/wp-content\/uploads\/2024\/01\/WEB_DTROST_CITTERIO_112023_HR_1643.jpg\",\"width\":1920,\"height\":1280},{\"@type\":\"BreadcrumbList\",\"@id\":\"https:\/\/www.citteriospa.com\/en\/company\/#breadcrumb\",\"itemListElement\":[{\"@type\":\"ListItem\",\"position\":1,\"name\":\"Home\",\"item\":\"https:\/\/www.citteriospa.com\/en\/\"},{\"@type\":\"ListItem\",\"position\":2,\"name\":\"Company\"}]},{\"@type\":\"WebSite\",\"@id\":\"https:\/\/www.citteriospa.com\/#website\",\"url\":\"https:\/\/www.citteriospa.com\/\",\"name\":\"Citterio SpA\",\"description\":\"\",\"potentialAction\":[{\"@type\":\"SearchAction\",\"target\":{\"@type\":\"EntryPoint\",\"urlTemplate\":\"https:\/\/www.citteriospa.com\/?s={search_term_string}\"},\"query-input\":{\"@type\":\"PropertyValueSpecification\",\"valueRequired\":true,\"valueName\":\"search_term_string\"}}],\"inLanguage\":\"en-US\"}]}<\/script>\n<!-- \/ Yoast SEO plugin. -->","yoast_head_json":{"title":"Citterio office furniture | Company","description":"Citterio offers office furniture solutions responding to the ever-changing demands of an evolving international market.","robots":{"index":"index","follow":"follow","max-snippet":"max-snippet:-1","max-image-preview":"max-image-preview:large","max-video-preview":"max-video-preview:-1"},"canonical":"https:\/\/www.citteriospa.com\/en\/company\/","og_locale":"en_US","og_type":"article","og_title":"Citterio office furniture | Company","og_description":"Citterio offers office furniture solutions responding to the ever-changing demands of an evolving international market.","og_url":"https:\/\/www.citteriospa.com\/en\/company\/","og_site_name":"Citterio SpA","article_modified_time":"2024-01-17T14:50:08+00:00","og_image":[{"width":1920,"height":1280,"url":"https:\/\/www.citteriospa.com\/wp-content\/uploads\/2024\/01\/WEB_DTROST_CITTERIO_112023_HR_1643.jpg","type":"image\/jpeg"}],"twitter_card":"summary_large_image","twitter_misc":{"Est. reading time":"5 minutes"},"schema":{"@context":"https:\/\/schema.org","@graph":[{"@type":"WebPage","@id":"https:\/\/www.citteriospa.com\/en\/company\/","url":"https:\/\/www.citteriospa.com\/en\/company\/","name":"Citterio office furniture | Company","isPartOf":{"@id":"https:\/\/www.citteriospa.com\/#website"},"primaryImageOfPage":{"@id":"https:\/\/www.citteriospa.com\/en\/company\/#primaryimage"},"image":{"@id":"https:\/\/www.citteriospa.com\/en\/company\/#primaryimage"},"thumbnailUrl":"https:\/\/www.citteriospa.com\/wp-content\/uploads\/2024\/01\/WEB_DTROST_CITTERIO_112023_HR_1643.jpg","datePublished":"2015-12-02T08:24:46+00:00","dateModified":"2024-01-17T14:50:08+00:00","description":"Citterio offers office furniture solutions responding to the ever-changing demands of an evolving international market.","breadcrumb":{"@id":"https:\/\/www.citteriospa.com\/en\/company\/#breadcrumb"},"inLanguage":"en-US","potentialAction":[{"@type":"ReadAction","target":["https:\/\/www.citteriospa.com\/en\/company\/"]}]},{"@type":"ImageObject","inLanguage":"en-US","@id":"https:\/\/www.citteriospa.com\/en\/company\/#primaryimage","url":"https:\/\/www.citteriospa.com\/wp-content\/uploads\/2024\/01\/WEB_DTROST_CITTERIO_112023_HR_1643.jpg","contentUrl":"https:\/\/www.citteriospa.com\/wp-content\/uploads\/2024\/01\/WEB_DTROST_CITTERIO_112023_HR_1643.jpg","width":1920,"height":1280},{"@type":"BreadcrumbList","@id":"https:\/\/www.citteriospa.com\/en\/company\/#breadcrumb","itemListElement":[{"@type":"ListItem","position":1,"name":"Home","item":"https:\/\/www.citteriospa.com\/en\/"},{"@type":"ListItem","position":2,"name":"Company"}]},{"@type":"WebSite","@id":"https:\/\/www.citteriospa.com\/#website","url":"https:\/\/www.citteriospa.com\/","name":"Citterio SpA","description":"","potentialAction":[{"@type":"SearchAction","target":{"@type":"EntryPoint","urlTemplate":"https:\/\/www.citteriospa.com\/?s={search_term_string}"},"query-input":{"@type":"PropertyValueSpecification","valueRequired":true,"valueName":"search_term_string"}}],"inLanguage":"en-US"}]}},"_links":{"self":[{"href":"https:\/\/www.citteriospa.com\/en\/wp-json\/wp\/v2\/pages\/1125","targetHints":{"allow":["GET"]}}],"collection":[{"href":"https:\/\/www.citteriospa.com\/en\/wp-json\/wp\/v2\/pages"}],"about":[{"href":"https:\/\/www.citteriospa.com\/en\/wp-json\/wp\/v2\/types\/page"}],"author":[{"embeddable":true,"href":"https:\/\/www.citteriospa.com\/en\/wp-json\/wp\/v2\/users\/4"}],"replies":[{"embeddable":true,"href":"https:\/\/www.citteriospa.com\/en\/wp-json\/wp\/v2\/comments?post=1125"}],"version-history":[{"count":22,"href":"https:\/\/www.citteriospa.com\/en\/wp-json\/wp\/v2\/pages\/1125\/revisions"}],"predecessor-version":[{"id":10620,"href":"https:\/\/www.citteriospa.com\/en\/wp-json\/wp\/v2\/pages\/1125\/revisions\/10620"}],"wp:featuredmedia":[{"embeddable":true,"href":"https:\/\/www.citteriospa.com\/en\/wp-json\/wp\/v2\/media\/10609"}],"wp:attachment":[{"href":"https:\/\/www.citteriospa.com\/en\/wp-json\/wp\/v2\/media?parent=1125"}],"curies":[{"name":"wp","href":"https:\/\/api.w.org\/{rel}","templated":true}]}}